{"id":1184,"date":"2023-10-19T11:36:51","date_gmt":"2023-10-19T11:36:51","guid":{"rendered":"https:\/\/lk.technikanddesign.net\/?page_id=1184"},"modified":"2024-02-29T08:09:49","modified_gmt":"2024-02-29T08:09:49","slug":"auto-draft-2","status":"publish","type":"page","link":"https:\/\/lk.technikanddesign.net\/?page_id=1184","title":{"rendered":"Leistungen"},"content":{"rendered":"<h1>Leistungen<\/h1>\n<div>\n<p>Wir leben in einer zunehmend komplexen Welt.<\/p>\n<p>Mindestens genauso schnell steigt die Komplexit\u00e4t des Steuerrechts und mit ihr oft die Rechtsunsicherheit. Unsere Vorstellung von guter Steuerberatung ist deshalb, solide, auf die individuelle Situation zugeschnittene Gestaltungen zu finden, die unseren Mandanten h\u00f6chstm\u00f6gliche Planungssicherheit bieten.<\/p>\n<\/div>\n<p><img decoding=\"async\" src=\"\/wp-content\/uploads\/2024\/02\/93-DSC02069-93.jpg\" alt=\"\"><\/p>\n<h1>Im \u00dcberblick<\/h1>\n<div>\n<h2><strong>Finanz- und Lohnbuchhaltung<\/strong><\/h2>\n<p>Wir \u00fcbernehmen f\u00fcr Sie die komplette Finanz- und Lohnbuchhaltung. Dabei k\u00f6nnen Sie w\u00e4hlen, ob Sie digital oder analog mit uns arbeiten m\u00f6chten. Wir finden f\u00fcr Sie die beste L\u00f6sung.<\/p>\n<h2><strong>Erstellung von Jahresabschl\u00fcssen inkl. Steuererkl\u00e4rungen<\/strong><\/h2>\n<p>Unsere erfahrenen Fachkr\u00e4fte erstellen f\u00fcr Sie professionelle Jahresabschl\u00fcsse und Steuererkl\u00e4rungen. Wir ber\u00fccksichtigen dabei alle relevanten steuerlichen Vorschriften und sorgen daf\u00fcr, dass Sie alle steuerlichen Vorteile nutzen k\u00f6nnen.<\/p>\n<h2><strong>Internationale Steuerberatung<\/strong><\/h2>\n<p>Wir beraten Sie bei allen steuerlichen Fragen im Zusammenhang mit internationalen Gesch\u00e4ftsbeziehungen. Dazu geh\u00f6ren beispielsweise die Gr\u00fcndung von Auslandsgesellschaften, die Umstrukturierung von internationalen Konzernen sowie die Besteuerung von internationalen Eink\u00fcnften.<\/p>\n<h2><strong>Nachfolgeberatung<\/strong><\/h2>\n<p>Wir unterst\u00fctzen Sie bei der Planung und Umsetzung einer Nachfolgeregelung f\u00fcr Ihr Unternehmen. Dazu geh\u00f6rt die Erstellung eines Nachfolgekonzepts, die Suche nach einem Nachfolger sowie die Begleitung des \u00dcbergabeprozesses.<\/p>\n<h2><strong>Erstellung von steuerlichen Gutachten<\/strong><\/h2>\n<p>Wir erstellen f\u00fcr Sie steuerliche Gutachten zu verschiedenen Themen, beispielsweise zur Bewertung von Unternehmen, zur steuerlichen Optimierung von Investitionen oder zur steuerlichen Behandlung von Unternehmensumstrukturierungen.<\/p>\n<h2><strong>Begleitung bei Unternehmenskauf und -verkauf<\/strong><\/h2>\n<p>Wir begleiten Sie bei allen steuerlichen Fragen im Zusammenhang mit einem Unternehmenskauf oder -verkauf. Dazu geh\u00f6rt die Erstellung eines Kaufvertrags, die steuerliche Due Diligence sowie die Begleitung des Kaufprozesses.<\/p>\n<\/div>\n<p><!--more--><br \/>\n<!-- {\"type\":\"layout\",\"children\":[{\"type\":\"section\",\"props\":{\"image_position\":\"center-center\",\"style\":\"default\",\"title_breakpoint\":\"xl\",\"title_position\":\"top-left\",\"title_rotation\":\"left\",\"vertical_align\":\"middle\",\"width\":\"default\"},\"children\":[{\"type\":\"row\",\"children\":[{\"type\":\"column\",\"props\":{\"image_position\":\"center-center\",\"position_sticky_breakpoint\":\"m\"},\"children\":[{\"type\":\"headline\",\"props\":{\"content\":\"Leistungen\",\"title_element\":\"h1\"}}]}]},{\"type\":\"row\",\"props\":{\"layout\":\"1-2,1-2\"},\"children\":[{\"type\":\"column\",\"props\":{\"image_position\":\"center-center\",\"position_sticky_breakpoint\":\"m\",\"width_medium\":\"1-2\"},\"children\":[{\"type\":\"text\",\"props\":{\"column_breakpoint\":\"m\",\"content\":\"\n\n<p>Wir leben in einer zunehmend komplexen Welt.<\\\/p>\\n\n\n<p>Mindestens genauso schnell steigt die Komplexit\\u00e4t des Steuerrechts und mit ihr oft die Rechtsunsicherheit. Unsere Vorstellung von guter Steuerberatung ist deshalb, solide, auf die individuelle Situation zugeschnittene Gestaltungen zu finden, die unseren Mandanten h\\u00f6chstm\\u00f6gliche Planungssicherheit bieten.<\\\/p>\",\"margin\":\"default\"}}]},{\"type\":\"column\",\"props\":{\"image_position\":\"center-center\",\"position_sticky_breakpoint\":\"m\",\"width_medium\":\"1-2\"},\"children\":[{\"type\":\"image\",\"props\":{\"image\":\"wp-content\\\/uploads\\\/2024\\\/02\\\/93-DSC02069-93.jpg\",\"image_svg_color\":\"emphasis\",\"margin\":\"default\"}}]}]},{\"type\":\"row\",\"children\":[{\"type\":\"column\",\"props\":{\"image_position\":\"center-center\",\"position_sticky_breakpoint\":\"m\"},\"children\":[{\"type\":\"headline\",\"props\":{\"content\":\"Im \\u00dcberblick\",\"title_element\":\"h1\"}},{\"type\":\"text\",\"props\":{\"column_breakpoint\":\"m\",\"content\":\"\n\n<h2><strong>Finanz- und Lohnbuchhaltung<\\\/strong><\\\/h2>\\n\n\n<p>Wir \\u00fcbernehmen f\\u00fcr Sie die komplette Finanz- und Lohnbuchhaltung. Dabei k\\u00f6nnen Sie w\\u00e4hlen, ob Sie digital oder analog mit uns arbeiten m\\u00f6chten. Wir finden f\\u00fcr Sie die beste L\\u00f6sung.<\\\/p>\\n\n\n<h2><strong>Erstellung von Jahresabschl\\u00fcssen inkl. Steuererkl\\u00e4rungen<\\\/strong><\\\/h2>\\n\n\n<p>Unsere erfahrenen Fachkr\\u00e4fte erstellen f\\u00fcr Sie professionelle Jahresabschl\\u00fcsse und Steuererkl\\u00e4rungen. Wir ber\\u00fccksichtigen dabei alle relevanten steuerlichen Vorschriften und sorgen daf\\u00fcr, dass Sie alle steuerlichen Vorteile nutzen k\\u00f6nnen.<\\\/p>\\n\n\n<h2><strong>Internationale Steuerberatung<\\\/strong><\\\/h2>\\n\n\n<p>Wir beraten Sie bei allen steuerlichen Fragen im Zusammenhang mit internationalen Gesch\\u00e4ftsbeziehungen. Dazu geh\\u00f6ren beispielsweise die Gr\\u00fcndung von Auslandsgesellschaften, die Umstrukturierung von internationalen Konzernen sowie die Besteuerung von internationalen Eink\\u00fcnften.<\\\/p>\\n\n\n<h2><strong>Nachfolgeberatung<\\\/strong><\\\/h2>\\n\n\n<p>Wir unterst\\u00fctzen Sie bei der Planung und Umsetzung einer Nachfolgeregelung f\\u00fcr Ihr Unternehmen. Dazu geh\\u00f6rt die Erstellung eines Nachfolgekonzepts, die Suche nach einem Nachfolger sowie die Begleitung des \\u00dcbergabeprozesses.<\\\/p>\\n\n\n<h2><strong>Erstellung von steuerlichen Gutachten<\\\/strong><\\\/h2>\\n\n\n<p>Wir erstellen f\\u00fcr Sie steuerliche Gutachten zu verschiedenen Themen, beispielsweise zur Bewertung von Unternehmen, zur steuerlichen Optimierung von Investitionen oder zur steuerlichen Behandlung von Unternehmensumstrukturierungen.<\\\/p>\\n\n\n<h2><strong>Begleitung bei Unternehmenskauf und -verkauf<\\\/strong><\\\/h2>\\n\n\n<p>Wir begleiten Sie bei allen steuerlichen Fragen im Zusammenhang mit einem Unternehmenskauf oder -verkauf. Dazu geh\\u00f6rt die Erstellung eines Kaufvertrags, die steuerliche Due Diligence sowie die Begleitung des Kaufprozesses.<\\\/p>\",\"margin\":\"default\"}}]}]}]}],\"version\":\"4.2.11\"} --><\/p>\n","protected":false},"excerpt":{"rendered":"<p>Leistungen Wir leben in einer zunehmend komplexen Welt. Mindestens genauso schnell steigt die Komplexit\u00e4t des Steuerrechts und mit ihr oft die Rechtsunsicherheit. Unsere Vorstellung von guter Steuerberatung ist deshalb, solide, auf die individuelle Situation zugeschnittene Gestaltungen zu finden, die unseren Mandanten h\u00f6chstm\u00f6gliche Planungssicherheit bieten. Im \u00dcberblick Finanz- und Lohnbuchhaltung Wir \u00fcbernehmen f\u00fcr Sie die komplette [&hellip;]<\/p>\n","protected":false},"author":1,"featured_media":0,"parent":0,"menu_order":0,"comment_status":"closed","ping_status":"closed","template":"","meta":{"_acf_changed":false,"footnotes":""},"acf":[],"_links":{"self":[{"href":"https:\/\/lk.technikanddesign.net\/index.php?rest_route=\/wp\/v2\/pages\/1184"}],"collection":[{"href":"https:\/\/lk.technikanddesign.net\/index.php?rest_route=\/wp\/v2\/pages"}],"about":[{"href":"https:\/\/lk.technikanddesign.net\/index.php?rest_route=\/wp\/v2\/types\/page"}],"author":[{"embeddable":true,"href":"https:\/\/lk.technikanddesign.net\/index.php?rest_route=\/wp\/v2\/users\/1"}],"replies":[{"embeddable":true,"href":"https:\/\/lk.technikanddesign.net\/index.php?rest_route=%2Fwp%2Fv2%2Fcomments&post=1184"}],"version-history":[{"count":14,"href":"https:\/\/lk.technikanddesign.net\/index.php?rest_route=\/wp\/v2\/pages\/1184\/revisions"}],"predecessor-version":[{"id":1753,"href":"https:\/\/lk.technikanddesign.net\/index.php?rest_route=\/wp\/v2\/pages\/1184\/revisions\/1753"}],"wp:attachment":[{"href":"https:\/\/lk.technikanddesign.net\/index.php?rest_route=%2Fwp%2Fv2%2Fmedia&parent=1184"}],"curies":[{"name":"wp","href":"https:\/\/api.w.org\/{rel}","templated":true}]}}